{"id":6887,"date":"2023-04-18T17:24:51","date_gmt":"2023-04-18T16:24:51","guid":{"rendered":"https:\/\/ibizawaterlife.com\/premium\/"},"modified":"2024-07-19T10:47:34","modified_gmt":"2024-07-19T09:47:34","slug":"barcos-premium","status":"publish","type":"page","link":"https:\/\/ibizawaterlife.com\/es\/alquiler-barcos-motos-agua-yates-ibiza\/flota-en-ibiza\/barcos-premium\/","title":{"rendered":"PREMIUM"},"content":{"rendered":"\t\t<div data-elementor-type=\"wp-page\" data-elementor-id=\"6887\" class=\"elementor elementor-6887 elementor-6754\">\n\t\t\t\t\t\t<section class=\"elementor-section elementor-top-section elementor-element elementor-element-94667df elementor-section-stretched elementor-section-boxed elementor-section-height-default elementor-section-height-default qodef-elementor-content-no\" data-id=\"94667df\" data-element_type=\"section\" data-e-type=\"section\" data-settings=\"{&quot;stretch_section&quot;:&quot;section-stretched&quot;,&quot;background_background&quot;:&quot;gradient&quot;}\">\n\t\t\t\t\t\t<div class=\"elementor-container elementor-column-gap-default\">\n\t\t\t\t\t<div class=\"elementor-column elementor-col-100 elementor-top-column elementor-element elementor-element-dd40bc5\" data-id=\"dd40bc5\" data-element_type=\"column\" data-e-type=\"column\">\n\t\t\t<div class=\"elementor-widget-wrap elementor-element-populated\">\n\t\t\t\t\t\t<div class=\"elementor-element elementor-element-b0477ff elementor-widget elementor-widget-text-editor\" data-id=\"b0477ff\" data-element_type=\"widget\" data-e-type=\"widget\" data-widget_type=\"text-editor.default\">\n\t\t\t\t<div class=\"elementor-widget-container\">\n\t\t\t\t\t\t\t\t\t<p style=\"text-align: center;\">En nuestra categor\u00eda <strong>PREMIUM<\/strong> podr\u00e1s encontrar los yates m\u00e1s lujosos de toda la flota. Cuidamos cada detalle para hacer que tu experiencia sea \u00fanica. Contamos con los mejores profesionales y con la mayor experiencia en el sector y ofrecemos detalles especiales para asegurar tu satisfacci\u00f3n desde el primer momento.<\/p>\t\t\t\t\t\t\t\t<\/div>\n\t\t\t\t<\/div>\n\t\t\t\t\t<\/div>\n\t\t<\/div>\n\t\t\t\t\t<\/div>\n\t\t<\/section>\n\t\t\t\t<section class=\"elementor-section elementor-top-section elementor-element elementor-element-56d3db9 elementor-section-full_width elementor-section-height-default elementor-section-height-default qodef-elementor-content-no\" data-id=\"56d3db9\" data-element_type=\"section\" data-e-type=\"section\">\n\t\t\t\t\t\t<div class=\"elementor-container elementor-column-gap-default\">\n\t\t\t\t\t<div class=\"elementor-column elementor-col-100 elementor-top-column elementor-element elementor-element-c503bc4\" data-id=\"c503bc4\" data-element_type=\"column\" data-e-type=\"column\">\n\t\t\t<div class=\"elementor-widget-wrap elementor-element-populated\">\n\t\t\t\t\t\t<div class=\"elementor-element elementor-element-2d1094f elementor-widget elementor-widget-seafarer_core_tour_list\" data-id=\"2d1094f\" data-element_type=\"widget\" data-e-type=\"widget\" data-widget_type=\"seafarer_core_tour_list.default\">\n\t\t\t\t<div class=\"elementor-widget-container\">\n\t\t\t\t\t<div class=\"qodef-shortcode qodef-m  qodef-tour-list qodef-layout--standard    qodef-filter--on qodef-grid qodef-layout--columns  qodef-gutter--large qodef-col-num--2 qodef-item-layout--standard qodef-pagination--on qodef-pagination-type--load-more qodef-responsive--predefined qodef-swiper-pagination--on\" data-options=\"{&quot;plugin&quot;:&quot;seafarer_core2025&quot;,&quot;module&quot;:&quot;post-types\\\/tour\\\/shortcodes&quot;,&quot;shortcode&quot;:&quot;tour-list&quot;,&quot;post_type&quot;:&quot;tour&quot;,&quot;next_page&quot;:&quot;2&quot;,&quot;max_pages_num&quot;:1,&quot;orderby&quot;:&quot;date&quot;,&quot;order&quot;:&quot;ASC&quot;,&quot;additional_params&quot;:&quot;tax&quot;,&quot;tax&quot;:&quot;tour-tag&quot;,&quot;tax_slug&quot;:&quot;premium&quot;,&quot;behavior&quot;:&quot;columns&quot;,&quot;images_proportion&quot;:&quot;seafarer_core_image_size_square&quot;,&quot;columns&quot;:&quot;2&quot;,&quot;columns_responsive&quot;:&quot;predefined&quot;,&quot;columns_1440&quot;:&quot;3&quot;,&quot;columns_1366&quot;:&quot;3&quot;,&quot;columns_1024&quot;:&quot;3&quot;,&quot;columns_768&quot;:&quot;3&quot;,&quot;columns_680&quot;:&quot;3&quot;,&quot;columns_480&quot;:&quot;3&quot;,&quot;space&quot;:&quot;large&quot;,&quot;layout&quot;:&quot;standard&quot;,&quot;title_tag&quot;:&quot;h4&quot;,&quot;excerpt_length&quot;:&quot;150&quot;,&quot;enable_sorting&quot;:&quot;yes&quot;,&quot;pagination_type&quot;:&quot;load-more&quot;,&quot;object_class_name&quot;:&quot;SeafarerCore_Tour_List_Shortcode&quot;,&quot;additional_query_args&quot;:{&quot;tax_query&quot;:[{&quot;taxonomy&quot;:&quot;tour-tag&quot;,&quot;field&quot;:&quot;slug&quot;,&quot;terms&quot;:&quot;premium&quot;}]},&quot;unique&quot;:&quot;1&quot;,&quot;item_classes&quot;:&quot;qodef-e qodef-tour-list-item qodef-grid-item &quot;,&quot;space_value&quot;:25}\">\n    \t<div class=\"qodef-m-sorting-holder\">\n        <ul class=\"qodef-m-sorting\">\n            <li><a class=\"qodef-m-sorting-item\" data-value=\"newest\" href=\"#\">Date<\/a><\/li>\n            <li><a class=\"qodef-m-sorting-item\" data-value=\"price-high\" href=\"#\">Precio mayor a menor<\/a><\/li>\n            <li><a class=\"qodef-m-sorting-item\" data-value=\"price-low\" href=\"#\">Precio menor a mayor<\/a><\/li>\n            <li><a class=\"qodef-m-sorting-item\" data-value=\"az\" href=\"#\">Nombre (A-Z)<\/a><\/li>\n        <\/ul>\n\t<\/div>\n\n\t<div class=\"qodef-grid-inner clear\">\n\t\t<div class=\"qodef-e qodef-tour-list-item qodef-grid-item  qodef-item--square\">\n\t<div class=\"qodef-e-inner\">\n\t\t<div class=\"qodef-e-media\">\n\t\t\t\t<div class=\"qodef-e-media-image\" data-swiper-parallax=\"27%\">\n\t\t<span class=\"qodef-m-border--top-left\"><\/span>\n\t\t<span class=\"qodef-m-border--bottom-right\"><\/span>\n\t\t<a itemprop=\"url\" href=\"https:\/\/ibizawaterlife.com\/es\/tour\/belisa\/\">\n\t\t\t<img fetchpriority=\"high\" decoding=\"async\" width=\"500\" height=\"500\" src=\"https:\/\/ibizawaterlife.com\/wp-content\/uploads\/2023\/02\/main.jpg\" class=\"attachment-seafarer_core_image_size_square size-seafarer_core_image_size_square\" alt=\"\" srcset=\"https:\/\/ibizawaterlife.com\/wp-content\/uploads\/2023\/02\/main.jpg 500w, https:\/\/ibizawaterlife.com\/wp-content\/uploads\/2023\/02\/main-300x300.jpg 300w, https:\/\/ibizawaterlife.com\/wp-content\/uploads\/2023\/02\/main-150x150.jpg 150w, https:\/\/ibizawaterlife.com\/wp-content\/uploads\/2023\/02\/main-100x100.jpg 100w\" sizes=\"(max-width: 500px) 100vw, 500px\" \/>\t\t<\/a>\n\t<\/div>\n\t\t<\/div>\n\t\t<div class=\"qodef-e-content\">\n\t\t\t<div class=\"qodef-e-content-text\">\n                \t<span class=\"qodef-e-price\">\n\t\t<span class=\"qodef-e-price-value\">&euro;11000<\/span>\n                    <span class=\"qodef-e-price-label\">\/ por d\u00eda<\/span>\n        \t<\/span>\n\t\t\t\t<h4 itemprop=\"name\" class=\"qodef-e-title entry-title\" >\n\t<a itemprop=\"url\" href=\"https:\/\/ibizawaterlife.com\/es\/tour\/belisa\/\">\n\t\tBELISA\t<\/a>\n<\/h4>\n\t\t\t\t\t\t<p itemprop=\"description\" class=\"qodef-e-excerpt\">EQUIPAMIENTO A BORDO: TV, Hi-Fi sistema surround Bose. Wifi gratis a bordo. Jet rib, donut, wakeboard, water skies, equipamiento snorkeling, etc. Posi<\/p>\n\t\t\t\t\t<\/div>\n\t\t\t<div class=\"qodef-e-content-info\">\n                \n<ul class=\"qodef-e-basic-info\">\n            <li class=\"qodef-e-item qodef-e-boat-type\">Pax : 12 dia \/ 10 noche<\/li>\n                    <li class=\"qodef-e-item qodef-e-cabins\">Camarotes: 4<\/li>\n                <li class=\"qodef-e-item qodef-e-cruising_speed\">Vel. : 36 N<\/li>\n    <\/ul>\t\t\t<\/div>\n\t\t<\/div>\n\t<\/div>\n<\/div>\n<div class=\"qodef-e qodef-tour-list-item qodef-grid-item  qodef-item--square\">\n\t<div class=\"qodef-e-inner\">\n\t\t<div class=\"qodef-e-media\">\n\t\t\t\t<div class=\"qodef-e-media-image\" data-swiper-parallax=\"27%\">\n\t\t<span class=\"qodef-m-border--top-left\"><\/span>\n\t\t<span class=\"qodef-m-border--bottom-right\"><\/span>\n\t\t<a itemprop=\"url\" href=\"https:\/\/ibizawaterlife.com\/es\/tour\/inspiration\/\">\n\t\t\t<img decoding=\"async\" width=\"650\" height=\"650\" src=\"https:\/\/ibizawaterlife.com\/wp-content\/uploads\/2023\/04\/Inspiration_main-650x650.jpg\" class=\"attachment-seafarer_core_image_size_square size-seafarer_core_image_size_square\" alt=\"\" srcset=\"https:\/\/ibizawaterlife.com\/wp-content\/uploads\/2023\/04\/Inspiration_main-650x650.jpg 650w, https:\/\/ibizawaterlife.com\/wp-content\/uploads\/2023\/04\/Inspiration_main-150x150.jpg 150w\" sizes=\"(max-width: 650px) 100vw, 650px\" \/>\t\t<\/a>\n\t<\/div>\n\t\t<\/div>\n\t\t<div class=\"qodef-e-content\">\n\t\t\t<div class=\"qodef-e-content-text\">\n                \t<span class=\"qodef-e-price\">\n\t\t<span class=\"qodef-e-price-value\">&euro;10000<\/span>\n                    <span class=\"qodef-e-price-label\">\/ por d\u00eda<\/span>\n        \t<\/span>\n\t\t\t\t<h4 itemprop=\"name\" class=\"qodef-e-title entry-title\" >\n\t<a itemprop=\"url\" href=\"https:\/\/ibizawaterlife.com\/es\/tour\/inspiration\/\">\n\t\tPershing 90 &#8211; INSPIRATION\t<\/a>\n<\/h4>\n\t\t\t\t\t\t<p itemprop=\"description\" class=\"qodef-e-excerpt\">EQUIPAMIENTO A BORDO: TV, sistema de sonido envolvente Hi-Fi Bose. Wifi gratuito a bordo. Jet rib, donut, wakeboard, esqu\u00eds acu\u00e1ticos, equipo de sno<\/p>\n\t\t\t\t\t<\/div>\n\t\t\t<div class=\"qodef-e-content-info\">\n                \n<ul class=\"qodef-e-basic-info\">\n            <li class=\"qodef-e-item qodef-e-boat-type\">Pax: 12 d\u00eda \/ 8 noche<\/li>\n                    <li class=\"qodef-e-item qodef-e-cabins\">Cabinas: 4<\/li>\n                <li class=\"qodef-e-item qodef-e-cruising_speed\">Vel. : 38 Nudos<\/li>\n    <\/ul>\t\t\t<\/div>\n\t\t<\/div>\n\t<\/div>\n<\/div>\n<div class=\"qodef-e qodef-tour-list-item qodef-grid-item  qodef-item--square\">\n\t<div class=\"qodef-e-inner\">\n\t\t<div class=\"qodef-e-media\">\n\t\t\t\t<div class=\"qodef-e-media-image\" data-swiper-parallax=\"27%\">\n\t\t<span class=\"qodef-m-border--top-left\"><\/span>\n\t\t<span class=\"qodef-m-border--bottom-right\"><\/span>\n\t\t<a itemprop=\"url\" href=\"https:\/\/ibizawaterlife.com\/es\/tour\/ariyas\/\">\n\t\t\t<img decoding=\"async\" width=\"650\" height=\"650\" src=\"https:\/\/ibizawaterlife.com\/wp-content\/uploads\/2023\/04\/Ariyas-650x650.jpg\" class=\"attachment-seafarer_core_image_size_square size-seafarer_core_image_size_square\" alt=\"\" srcset=\"https:\/\/ibizawaterlife.com\/wp-content\/uploads\/2023\/04\/Ariyas-650x650.jpg 650w, https:\/\/ibizawaterlife.com\/wp-content\/uploads\/2023\/04\/Ariyas-300x300.jpg 300w, https:\/\/ibizawaterlife.com\/wp-content\/uploads\/2023\/04\/Ariyas-150x150.jpg 150w, https:\/\/ibizawaterlife.com\/wp-content\/uploads\/2023\/04\/Ariyas-768x768.jpg 768w, https:\/\/ibizawaterlife.com\/wp-content\/uploads\/2023\/04\/Ariyas.jpg 800w\" sizes=\"(max-width: 650px) 100vw, 650px\" \/>\t\t<\/a>\n\t<\/div>\n\t\t<\/div>\n\t\t<div class=\"qodef-e-content\">\n\t\t\t<div class=\"qodef-e-content-text\">\n                \t<span class=\"qodef-e-price\">\n\t\t<span class=\"qodef-e-price-value\">&euro;7650<\/span>\n                    <span class=\"qodef-e-price-label\">\/ por d\u00eda<\/span>\n        \t<\/span>\n\t\t\t\t<h4 itemprop=\"name\" class=\"qodef-e-title entry-title\" >\n\t<a itemprop=\"url\" href=\"https:\/\/ibizawaterlife.com\/es\/tour\/ariyas\/\">\n\t\tSunseeker PREDATOR 84 &#8211; ARIYAS\t<\/a>\n<\/h4>\n\t\t\t\t\t\t<p itemprop=\"description\" class=\"qodef-e-excerpt\">EQUIPAMIENTO A BORDO: TV, sistema de sonido envolvente Hi-Fi Bose. Wifi gratuito a bordo. Jet rib, donut, wakeboard, esqu\u00eds acu\u00e1ticos, equipo de sno<\/p>\n\t\t\t\t\t<\/div>\n\t\t\t<div class=\"qodef-e-content-info\">\n                \n<ul class=\"qodef-e-basic-info\">\n            <li class=\"qodef-e-item qodef-e-boat-type\">Pax: 12 d\u00eda \/ 8 noche<\/li>\n                    <li class=\"qodef-e-item qodef-e-cabins\">Cabinas: 4<\/li>\n                <li class=\"qodef-e-item qodef-e-cruising_speed\">Vel. : 25 N<\/li>\n    <\/ul>\t\t\t<\/div>\n\t\t<\/div>\n\t<\/div>\n<\/div>\n<div class=\"qodef-e qodef-tour-list-item qodef-grid-item  qodef-item--square\">\n\t<div class=\"qodef-e-inner\">\n\t\t<div class=\"qodef-e-media\">\n\t\t\t\t<div class=\"qodef-e-media-image\" data-swiper-parallax=\"27%\">\n\t\t<span class=\"qodef-m-border--top-left\"><\/span>\n\t\t<span class=\"qodef-m-border--bottom-right\"><\/span>\n\t\t<a itemprop=\"url\" href=\"https:\/\/ibizawaterlife.com\/es\/tour\/sunreef-70-yolo\/\">\n\t\t\t<img loading=\"lazy\" decoding=\"async\" width=\"650\" height=\"650\" src=\"https:\/\/ibizawaterlife.com\/wp-content\/uploads\/2023\/05\/YOLO-Feat-650x650.jpg\" class=\"attachment-seafarer_core_image_size_square size-seafarer_core_image_size_square\" alt=\"\" srcset=\"https:\/\/ibizawaterlife.com\/wp-content\/uploads\/2023\/05\/YOLO-Feat-650x650.jpg 650w, https:\/\/ibizawaterlife.com\/wp-content\/uploads\/2023\/05\/YOLO-Feat-300x300.jpg 300w, https:\/\/ibizawaterlife.com\/wp-content\/uploads\/2023\/05\/YOLO-Feat-150x150.jpg 150w, https:\/\/ibizawaterlife.com\/wp-content\/uploads\/2023\/05\/YOLO-Feat-768x768.jpg 768w, https:\/\/ibizawaterlife.com\/wp-content\/uploads\/2023\/05\/YOLO-Feat.jpg 800w\" sizes=\"(max-width: 650px) 100vw, 650px\" \/>\t\t<\/a>\n\t<\/div>\n\t\t<\/div>\n\t\t<div class=\"qodef-e-content\">\n\t\t\t<div class=\"qodef-e-content-text\">\n                \t<span class=\"qodef-e-price\">\n\t\t<span class=\"qodef-e-price-value\">&euro;9350<\/span>\n                    <span class=\"qodef-e-price-label\">\/ por d\u00eda<\/span>\n        \t<\/span>\n\t\t\t\t<h4 itemprop=\"name\" class=\"qodef-e-title entry-title\" >\n\t<a itemprop=\"url\" href=\"https:\/\/ibizawaterlife.com\/es\/tour\/sunreef-70-yolo\/\">\n\t\tSUNREEF 70 &#8211; YOLO\t<\/a>\n<\/h4>\n\t\t\t\t\t\t<p itemprop=\"description\" class=\"qodef-e-excerpt\">EQUIPAMIENTO A BORDO: Jet Tender Williams 445 Zona de estar y bar en Flybridge de 50m2 para relajarse. M\u00fasica: Incre\u00edble HiFi Sonos Bowers&amp;Wilki<\/p>\n\t\t\t\t\t<\/div>\n\t\t\t<div class=\"qodef-e-content-info\">\n                \n<ul class=\"qodef-e-basic-info\">\n            <li class=\"qodef-e-item qodef-e-boat-type\">Pax: 12 dia \/ 8 noche<\/li>\n                    <li class=\"qodef-e-item qodef-e-cabins\">Cabinas: 4<\/li>\n        <\/ul>\t\t\t<\/div>\n\t\t<\/div>\n\t<\/div>\n<\/div>\n<div class=\"qodef-e qodef-tour-list-item qodef-grid-item  qodef-item--square\">\n\t<div class=\"qodef-e-inner\">\n\t\t<div class=\"qodef-e-media\">\n\t\t\t\t<div class=\"qodef-e-media-image\" data-swiper-parallax=\"27%\">\n\t\t<span class=\"qodef-m-border--top-left\"><\/span>\n\t\t<span class=\"qodef-m-border--bottom-right\"><\/span>\n\t\t<a itemprop=\"url\" href=\"https:\/\/ibizawaterlife.com\/es\/tour\/vanquish-vq82-sea-story\/\">\n\t\t\t<img loading=\"lazy\" decoding=\"async\" width=\"650\" height=\"650\" src=\"https:\/\/ibizawaterlife.com\/wp-content\/uploads\/2023\/05\/sea-story-feat-650x650.jpg\" class=\"attachment-seafarer_core_image_size_square size-seafarer_core_image_size_square\" alt=\"\" srcset=\"https:\/\/ibizawaterlife.com\/wp-content\/uploads\/2023\/05\/sea-story-feat-650x650.jpg 650w, https:\/\/ibizawaterlife.com\/wp-content\/uploads\/2023\/05\/sea-story-feat-300x300.jpg 300w, https:\/\/ibizawaterlife.com\/wp-content\/uploads\/2023\/05\/sea-story-feat-150x150.jpg 150w, https:\/\/ibizawaterlife.com\/wp-content\/uploads\/2023\/05\/sea-story-feat-768x768.jpg 768w, https:\/\/ibizawaterlife.com\/wp-content\/uploads\/2023\/05\/sea-story-feat-600x600.jpg 600w, https:\/\/ibizawaterlife.com\/wp-content\/uploads\/2023\/05\/sea-story-feat-100x100.jpg 100w, https:\/\/ibizawaterlife.com\/wp-content\/uploads\/2023\/05\/sea-story-feat.jpg 800w\" sizes=\"(max-width: 650px) 100vw, 650px\" \/>\t\t<\/a>\n\t<\/div>\n\t\t<\/div>\n\t\t<div class=\"qodef-e-content\">\n\t\t\t<div class=\"qodef-e-content-text\">\n                \t<span class=\"qodef-e-price\">\n\t\t<span class=\"qodef-e-price-value\">&euro;6850<\/span>\n                    <span class=\"qodef-e-price-label\">\/ por d\u00eda<\/span>\n        \t<\/span>\n\t\t\t\t<h4 itemprop=\"name\" class=\"qodef-e-title entry-title\" >\n\t<a itemprop=\"url\" href=\"https:\/\/ibizawaterlife.com\/es\/tour\/vanquish-vq82-sea-story\/\">\n\t\tVANQUISH VQ82 &#8211; SEA STORY\t<\/a>\n<\/h4>\n\t\t\t\t\t\t<p itemprop=\"description\" class=\"qodef-e-excerpt\">Disfruta de la apariencia, el lujo y la comodidad del yate a motor Vanquish VQ82 Sea Story<\/p>\n\t\t\t\t\t<\/div>\n\t\t\t<div class=\"qodef-e-content-info\">\n                \n<ul class=\"qodef-e-basic-info\">\n            <li class=\"qodef-e-item qodef-e-boat-type\">Pax : 12 d\u00cda \/ 9 noche<\/li>\n                    <li class=\"qodef-e-item qodef-e-cabins\">Cabinas: 1<\/li>\n                <li class=\"qodef-e-item qodef-e-cruising_speed\">Vel. : 20 N<\/li>\n    <\/ul>\t\t\t<\/div>\n\t\t<\/div>\n\t<\/div>\n<\/div>\n\t<\/div>\n\t<\/div>\n\t\t\t\t<\/div>\n\t\t\t\t<\/div>\n\t\t\t\t\t<\/div>\n\t\t<\/div>\n\t\t\t\t\t<\/div>\n\t\t<\/section>\n\t\t\t\t<\/div>\n\t\t","protected":false},"excerpt":{"rendered":"<p>En nuestra categor\u00eda PREMIUM podr\u00e1s encontrar los yates m\u00e1s lujosos de toda la flota. Cuidamos cada detalle para hacer que tu experiencia sea \u00fanica. Contamos con los mejores profesionales y con la mayor experiencia en el sector y ofrecemos detalles especiales para asegurar tu satisfacci\u00f3n desde el primer momento. Por defecto Precio menor a mayor [&hellip;]<\/p>\n","protected":false},"author":1,"featured_media":0,"parent":6419,"menu_order":0,"comment_status":"closed","ping_status":"closed","template":"elementor_header_footer","meta":{"_joinchat":[],"footnotes":""},"class_list":["post-6887","page","type-page","status-publish","hentry"],"yoast_head":"<!-- This site is optimized with the Yoast SEO plugin v27.4 - https:\/\/yoast.com\/product\/yoast-seo-wordpress\/ -->\n<title>PREMIUM | Ibiza Water Life<\/title>\n<meta name=\"robots\" content=\"index, follow, max-snippet:-1, max-image-preview:large, max-video-preview:-1\" \/>\n<link rel=\"canonical\" href=\"https:\/\/ibizawaterlife.com\/es\/alquiler-barcos-motos-agua-yates-ibiza\/flota-en-ibiza\/barcos-premium\/\" \/>\n<meta property=\"og:locale\" content=\"es_ES\" \/>\n<meta property=\"og:type\" content=\"article\" \/>\n<meta property=\"og:title\" content=\"PREMIUM | Ibiza Water Life\" \/>\n<meta property=\"og:description\" content=\"En nuestra categor\u00eda PREMIUM podr\u00e1s encontrar los yates m\u00e1s lujosos de toda la flota. Cuidamos cada detalle para hacer que tu experiencia sea \u00fanica. Contamos con los mejores profesionales y con la mayor experiencia en el sector y ofrecemos detalles especiales para asegurar tu satisfacci\u00f3n desde el primer momento. Por defecto Precio menor a mayor [&hellip;]\" \/>\n<meta property=\"og:url\" content=\"https:\/\/ibizawaterlife.com\/es\/alquiler-barcos-motos-agua-yates-ibiza\/flota-en-ibiza\/barcos-premium\/\" \/>\n<meta property=\"og:site_name\" content=\"Ibiza Water Life\" \/>\n<meta property=\"article:modified_time\" content=\"2024-07-19T09:47:34+00:00\" \/>\n<meta property=\"og:image\" content=\"https:\/\/ibizawaterlife.com\/wp-content\/uploads\/2023\/03\/Logo-IWL-STICKY.png\" \/>\n\t<meta property=\"og:image:width\" content=\"120\" \/>\n\t<meta property=\"og:image:height\" content=\"56\" \/>\n\t<meta property=\"og:image:type\" content=\"image\/png\" \/>\n<script type=\"application\/ld+json\" class=\"yoast-schema-graph\">{\"@context\":\"https:\\\/\\\/schema.org\",\"@graph\":[{\"@type\":\"WebPage\",\"@id\":\"https:\\\/\\\/ibizawaterlife.com\\\/es\\\/alquiler-barcos-motos-agua-yates-ibiza\\\/flota-en-ibiza\\\/barcos-premium\\\/\",\"url\":\"https:\\\/\\\/ibizawaterlife.com\\\/es\\\/alquiler-barcos-motos-agua-yates-ibiza\\\/flota-en-ibiza\\\/barcos-premium\\\/\",\"name\":\"PREMIUM | Ibiza Water Life\",\"isPartOf\":{\"@id\":\"https:\\\/\\\/ibizawaterlife.com\\\/es\\\/#website\"},\"datePublished\":\"2023-04-18T16:24:51+00:00\",\"dateModified\":\"2024-07-19T09:47:34+00:00\",\"breadcrumb\":{\"@id\":\"https:\\\/\\\/ibizawaterlife.com\\\/es\\\/alquiler-barcos-motos-agua-yates-ibiza\\\/flota-en-ibiza\\\/barcos-premium\\\/#breadcrumb\"},\"inLanguage\":\"es\",\"potentialAction\":[{\"@type\":\"ReadAction\",\"target\":[\"https:\\\/\\\/ibizawaterlife.com\\\/es\\\/alquiler-barcos-motos-agua-yates-ibiza\\\/flota-en-ibiza\\\/barcos-premium\\\/\"]}]},{\"@type\":\"BreadcrumbList\",\"@id\":\"https:\\\/\\\/ibizawaterlife.com\\\/es\\\/alquiler-barcos-motos-agua-yates-ibiza\\\/flota-en-ibiza\\\/barcos-premium\\\/#breadcrumb\",\"itemListElement\":[{\"@type\":\"ListItem\",\"position\":1,\"name\":\"Portada\",\"item\":\"https:\\\/\\\/ibizawaterlife.com\\\/es\\\/\"},{\"@type\":\"ListItem\",\"position\":2,\"name\":\"Ibiza Water Life\",\"item\":\"https:\\\/\\\/ibizawaterlife.com\\\/es\\\/\"},{\"@type\":\"ListItem\",\"position\":3,\"name\":\"NUESTRA FLOTA\",\"item\":\"https:\\\/\\\/ibizawaterlife.com\\\/es\\\/alquiler-barcos-motos-agua-yates-ibiza\\\/flota-en-ibiza\\\/\"},{\"@type\":\"ListItem\",\"position\":4,\"name\":\"PREMIUM\"}]},{\"@type\":\"WebSite\",\"@id\":\"https:\\\/\\\/ibizawaterlife.com\\\/es\\\/#website\",\"url\":\"https:\\\/\\\/ibizawaterlife.com\\\/es\\\/\",\"name\":\"Ibiza Water Life\",\"description\":\"The best rental yachts and boats in ibiza and formentera\",\"publisher\":{\"@id\":\"https:\\\/\\\/ibizawaterlife.com\\\/es\\\/#organization\"},\"potentialAction\":[{\"@type\":\"SearchAction\",\"target\":{\"@type\":\"EntryPoint\",\"urlTemplate\":\"https:\\\/\\\/ibizawaterlife.com\\\/es\\\/?s={search_term_string}\"},\"query-input\":{\"@type\":\"PropertyValueSpecification\",\"valueRequired\":true,\"valueName\":\"search_term_string\"}}],\"inLanguage\":\"es\"},{\"@type\":\"Organization\",\"@id\":\"https:\\\/\\\/ibizawaterlife.com\\\/es\\\/#organization\",\"name\":\"Ibiza Water Life\",\"url\":\"https:\\\/\\\/ibizawaterlife.com\\\/es\\\/\",\"logo\":{\"@type\":\"ImageObject\",\"inLanguage\":\"es\",\"@id\":\"https:\\\/\\\/ibizawaterlife.com\\\/es\\\/#\\\/schema\\\/logo\\\/image\\\/\",\"url\":\"https:\\\/\\\/ibizawaterlife.com\\\/wp-content\\\/uploads\\\/2023\\\/05\\\/favico.jpg\",\"contentUrl\":\"https:\\\/\\\/ibizawaterlife.com\\\/wp-content\\\/uploads\\\/2023\\\/05\\\/favico.jpg\",\"width\":450,\"height\":450,\"caption\":\"Ibiza Water Life\"},\"image\":{\"@id\":\"https:\\\/\\\/ibizawaterlife.com\\\/es\\\/#\\\/schema\\\/logo\\\/image\\\/\"}}]}<\/script>\n<!-- \/ Yoast SEO plugin. -->","yoast_head_json":{"title":"PREMIUM | Ibiza Water Life","robots":{"index":"index","follow":"follow","max-snippet":"max-snippet:-1","max-image-preview":"max-image-preview:large","max-video-preview":"max-video-preview:-1"},"canonical":"https:\/\/ibizawaterlife.com\/es\/alquiler-barcos-motos-agua-yates-ibiza\/flota-en-ibiza\/barcos-premium\/","og_locale":"es_ES","og_type":"article","og_title":"PREMIUM | Ibiza Water Life","og_description":"En nuestra categor\u00eda PREMIUM podr\u00e1s encontrar los yates m\u00e1s lujosos de toda la flota. Cuidamos cada detalle para hacer que tu experiencia sea \u00fanica. Contamos con los mejores profesionales y con la mayor experiencia en el sector y ofrecemos detalles especiales para asegurar tu satisfacci\u00f3n desde el primer momento. Por defecto Precio menor a mayor [&hellip;]","og_url":"https:\/\/ibizawaterlife.com\/es\/alquiler-barcos-motos-agua-yates-ibiza\/flota-en-ibiza\/barcos-premium\/","og_site_name":"Ibiza Water Life","article_modified_time":"2024-07-19T09:47:34+00:00","og_image":[{"width":120,"height":56,"url":"https:\/\/ibizawaterlife.com\/wp-content\/uploads\/2023\/03\/Logo-IWL-STICKY.png","type":"image\/png"}],"schema":{"@context":"https:\/\/schema.org","@graph":[{"@type":"WebPage","@id":"https:\/\/ibizawaterlife.com\/es\/alquiler-barcos-motos-agua-yates-ibiza\/flota-en-ibiza\/barcos-premium\/","url":"https:\/\/ibizawaterlife.com\/es\/alquiler-barcos-motos-agua-yates-ibiza\/flota-en-ibiza\/barcos-premium\/","name":"PREMIUM | Ibiza Water Life","isPartOf":{"@id":"https:\/\/ibizawaterlife.com\/es\/#website"},"datePublished":"2023-04-18T16:24:51+00:00","dateModified":"2024-07-19T09:47:34+00:00","breadcrumb":{"@id":"https:\/\/ibizawaterlife.com\/es\/alquiler-barcos-motos-agua-yates-ibiza\/flota-en-ibiza\/barcos-premium\/#breadcrumb"},"inLanguage":"es","potentialAction":[{"@type":"ReadAction","target":["https:\/\/ibizawaterlife.com\/es\/alquiler-barcos-motos-agua-yates-ibiza\/flota-en-ibiza\/barcos-premium\/"]}]},{"@type":"BreadcrumbList","@id":"https:\/\/ibizawaterlife.com\/es\/alquiler-barcos-motos-agua-yates-ibiza\/flota-en-ibiza\/barcos-premium\/#breadcrumb","itemListElement":[{"@type":"ListItem","position":1,"name":"Portada","item":"https:\/\/ibizawaterlife.com\/es\/"},{"@type":"ListItem","position":2,"name":"Ibiza Water Life","item":"https:\/\/ibizawaterlife.com\/es\/"},{"@type":"ListItem","position":3,"name":"NUESTRA FLOTA","item":"https:\/\/ibizawaterlife.com\/es\/alquiler-barcos-motos-agua-yates-ibiza\/flota-en-ibiza\/"},{"@type":"ListItem","position":4,"name":"PREMIUM"}]},{"@type":"WebSite","@id":"https:\/\/ibizawaterlife.com\/es\/#website","url":"https:\/\/ibizawaterlife.com\/es\/","name":"Ibiza Water Life","description":"The best rental yachts and boats in ibiza and formentera","publisher":{"@id":"https:\/\/ibizawaterlife.com\/es\/#organization"},"potentialAction":[{"@type":"SearchAction","target":{"@type":"EntryPoint","urlTemplate":"https:\/\/ibizawaterlife.com\/es\/?s={search_term_string}"},"query-input":{"@type":"PropertyValueSpecification","valueRequired":true,"valueName":"search_term_string"}}],"inLanguage":"es"},{"@type":"Organization","@id":"https:\/\/ibizawaterlife.com\/es\/#organization","name":"Ibiza Water Life","url":"https:\/\/ibizawaterlife.com\/es\/","logo":{"@type":"ImageObject","inLanguage":"es","@id":"https:\/\/ibizawaterlife.com\/es\/#\/schema\/logo\/image\/","url":"https:\/\/ibizawaterlife.com\/wp-content\/uploads\/2023\/05\/favico.jpg","contentUrl":"https:\/\/ibizawaterlife.com\/wp-content\/uploads\/2023\/05\/favico.jpg","width":450,"height":450,"caption":"Ibiza Water Life"},"image":{"@id":"https:\/\/ibizawaterlife.com\/es\/#\/schema\/logo\/image\/"}}]}},"_links":{"self":[{"href":"https:\/\/ibizawaterlife.com\/es\/wp-json\/wp\/v2\/pages\/6887","targetHints":{"allow":["GET"]}}],"collection":[{"href":"https:\/\/ibizawaterlife.com\/es\/wp-json\/wp\/v2\/pages"}],"about":[{"href":"https:\/\/ibizawaterlife.com\/es\/wp-json\/wp\/v2\/types\/page"}],"author":[{"embeddable":true,"href":"https:\/\/ibizawaterlife.com\/es\/wp-json\/wp\/v2\/users\/1"}],"replies":[{"embeddable":true,"href":"https:\/\/ibizawaterlife.com\/es\/wp-json\/wp\/v2\/comments?post=6887"}],"version-history":[{"count":6,"href":"https:\/\/ibizawaterlife.com\/es\/wp-json\/wp\/v2\/pages\/6887\/revisions"}],"predecessor-version":[{"id":9447,"href":"https:\/\/ibizawaterlife.com\/es\/wp-json\/wp\/v2\/pages\/6887\/revisions\/9447"}],"up":[{"embeddable":true,"href":"https:\/\/ibizawaterlife.com\/es\/wp-json\/wp\/v2\/pages\/6419"}],"wp:attachment":[{"href":"https:\/\/ibizawaterlife.com\/es\/wp-json\/wp\/v2\/media?parent=6887"}],"curies":[{"name":"wp","href":"https:\/\/api.w.org\/{rel}","templated":true}]}}